{"id":4309,"date":"2017-11-10T13:26:27","date_gmt":"2017-11-10T12:26:27","guid":{"rendered":"https:\/\/shop.adra.ch\/?page_id=4309"},"modified":"2024-11-27T14:21:37","modified_gmt":"2024-11-27T13:21:37","slug":"checkout-2","status":"publish","type":"page","link":"https:\/\/shop.adra.ch\/fr\/checkout-2\/","title":{"rendered":"Checkout"},"content":{"rendered":"<p style=\"font-size: 16px;\">En tant qu&rsquo;ADRA Suisse, nous prenons la g\u00e9n\u00e9rosit\u00e9 de nos donateurs au s\u00e9rieux. Nous utilisons chaque contribution de la mani\u00e8re la plus efficace possible pour servir les gens et les rendre plus forts de mani\u00e8re durable. Les dons de catalogues de cadeaux repr\u00e9sentent les domaines th\u00e9matiques qu&rsquo;ils repr\u00e9sentent. Vos dons font partie de projets holistiques dans le monde entier.<\/p>\n","protected":false},"excerpt":{"rendered":"<p>En tant qu&rsquo;ADRA Suisse, nous prenons la g\u00e9n\u00e9rosit\u00e9 de nos donateurs au s\u00e9rieux. Nous utilisons chaque contribution de la mani\u00e8re la plus efficace possible pour servir les gens et les rendre plus forts de mani\u00e8re durable. Les dons de catalogues de cadeaux repr\u00e9sentent les domaines th\u00e9matiques qu&rsquo;ils repr\u00e9sentent. Vos dons font partie de projets holistiques [&hellip;]<\/p>\n","protected":false},"author":6,"featured_media":0,"parent":0,"menu_order":0,"comment_status":"open","ping_status":"open","template":"templates\/page-checkout.php","meta":{"_acf_changed":false,"_monsterinsights_skip_tracking":false,"_monsterinsights_sitenote_active":false,"_monsterinsights_sitenote_note":"","_monsterinsights_sitenote_category":0,"footnotes":""},"class_list":["post-4309","page","type-page","status-publish","hentry"],"acf":[],"yoast_head":"<!-- This site is optimized with the Yoast SEO plugin v23.9 - https:\/\/yoast.com\/wordpress\/plugins\/seo\/ -->\n<title>Checkout - ADRA<\/title>\n<meta name=\"robots\" content=\"index, follow, max-snippet:-1, max-image-preview:large, max-video-preview:-1\" \/>\n<link rel=\"canonical\" href=\"https:\/\/shop.adra.ch\/fr\/checkout-2\/\" \/>\n<meta property=\"og:locale\" content=\"fr_FR\" \/>\n<meta property=\"og:type\" content=\"article\" \/>\n<meta property=\"og:title\" content=\"Checkout - ADRA\" \/>\n<meta property=\"og:description\" content=\"En tant qu&rsquo;ADRA Suisse, nous prenons la g\u00e9n\u00e9rosit\u00e9 de nos donateurs au s\u00e9rieux. Nous utilisons chaque contribution de la mani\u00e8re la plus efficace possible pour servir les gens et les rendre plus forts de mani\u00e8re durable. Les dons de catalogues de cadeaux repr\u00e9sentent les domaines th\u00e9matiques qu&rsquo;ils repr\u00e9sentent. Vos dons font partie de projets holistiques [&hellip;]\" \/>\n<meta property=\"og:url\" content=\"https:\/\/shop.adra.ch\/fr\/checkout-2\/\" \/>\n<meta property=\"og:site_name\" content=\"ADRA\" \/>\n<meta property=\"article:modified_time\" content=\"2024-11-27T13:21:37+00:00\" \/>\n<meta name=\"twitter:label1\" content=\"Dur\u00e9e de lecture estim\u00e9e\" \/>\n\t<meta name=\"twitter:data1\" content=\"1 minute\" \/>\n<script type=\"application\/ld+json\" class=\"yoast-schema-graph\">{\"@context\":\"https:\/\/schema.org\",\"@graph\":[{\"@type\":\"WebPage\",\"@id\":\"https:\/\/shop.adra.ch\/fr\/checkout-2\/\",\"url\":\"https:\/\/shop.adra.ch\/fr\/checkout-2\/\",\"name\":\"Checkout - ADRA\",\"isPartOf\":{\"@id\":\"https:\/\/shop.adra.ch\/#website\"},\"datePublished\":\"2017-11-10T12:26:27+00:00\",\"dateModified\":\"2024-11-27T13:21:37+00:00\",\"breadcrumb\":{\"@id\":\"https:\/\/shop.adra.ch\/fr\/checkout-2\/#breadcrumb\"},\"inLanguage\":\"fr-FR\",\"potentialAction\":[{\"@type\":\"ReadAction\",\"target\":[\"https:\/\/shop.adra.ch\/fr\/checkout-2\/\"]}]},{\"@type\":\"BreadcrumbList\",\"@id\":\"https:\/\/shop.adra.ch\/fr\/checkout-2\/#breadcrumb\",\"itemListElement\":[{\"@type\":\"ListItem\",\"position\":1,\"name\":\"Home\",\"item\":\"https:\/\/shop.adra.ch\/fr\/\"},{\"@type\":\"ListItem\",\"position\":2,\"name\":\"Checkout\"}]},{\"@type\":\"WebSite\",\"@id\":\"https:\/\/shop.adra.ch\/#website\",\"url\":\"https:\/\/shop.adra.ch\/\",\"name\":\"ADRA\",\"description\":\"Adventistische Entwicklungs- und Katastrophenhilfe in Deutschland\",\"potentialAction\":[{\"@type\":\"SearchAction\",\"target\":{\"@type\":\"EntryPoint\",\"urlTemplate\":\"https:\/\/shop.adra.ch\/?s={search_term_string}\"},\"query-input\":{\"@type\":\"PropertyValueSpecification\",\"valueRequired\":true,\"valueName\":\"search_term_string\"}}],\"inLanguage\":\"fr-FR\"}]}<\/script>\n<!-- \/ Yoast SEO plugin. -->","yoast_head_json":{"title":"Checkout - ADRA","robots":{"index":"index","follow":"follow","max-snippet":"max-snippet:-1","max-image-preview":"max-image-preview:large","max-video-preview":"max-video-preview:-1"},"canonical":"https:\/\/shop.adra.ch\/fr\/checkout-2\/","og_locale":"fr_FR","og_type":"article","og_title":"Checkout - ADRA","og_description":"En tant qu&rsquo;ADRA Suisse, nous prenons la g\u00e9n\u00e9rosit\u00e9 de nos donateurs au s\u00e9rieux. Nous utilisons chaque contribution de la mani\u00e8re la plus efficace possible pour servir les gens et les rendre plus forts de mani\u00e8re durable. Les dons de catalogues de cadeaux repr\u00e9sentent les domaines th\u00e9matiques qu&rsquo;ils repr\u00e9sentent. Vos dons font partie de projets holistiques [&hellip;]","og_url":"https:\/\/shop.adra.ch\/fr\/checkout-2\/","og_site_name":"ADRA","article_modified_time":"2024-11-27T13:21:37+00:00","twitter_misc":{"Dur\u00e9e de lecture estim\u00e9e":"1 minute"},"schema":{"@context":"https:\/\/schema.org","@graph":[{"@type":"WebPage","@id":"https:\/\/shop.adra.ch\/fr\/checkout-2\/","url":"https:\/\/shop.adra.ch\/fr\/checkout-2\/","name":"Checkout - ADRA","isPartOf":{"@id":"https:\/\/shop.adra.ch\/#website"},"datePublished":"2017-11-10T12:26:27+00:00","dateModified":"2024-11-27T13:21:37+00:00","breadcrumb":{"@id":"https:\/\/shop.adra.ch\/fr\/checkout-2\/#breadcrumb"},"inLanguage":"fr-FR","potentialAction":[{"@type":"ReadAction","target":["https:\/\/shop.adra.ch\/fr\/checkout-2\/"]}]},{"@type":"BreadcrumbList","@id":"https:\/\/shop.adra.ch\/fr\/checkout-2\/#breadcrumb","itemListElement":[{"@type":"ListItem","position":1,"name":"Home","item":"https:\/\/shop.adra.ch\/fr\/"},{"@type":"ListItem","position":2,"name":"Checkout"}]},{"@type":"WebSite","@id":"https:\/\/shop.adra.ch\/#website","url":"https:\/\/shop.adra.ch\/","name":"ADRA","description":"Adventistische Entwicklungs- und Katastrophenhilfe in Deutschland","potentialAction":[{"@type":"SearchAction","target":{"@type":"EntryPoint","urlTemplate":"https:\/\/shop.adra.ch\/?s={search_term_string}"},"query-input":{"@type":"PropertyValueSpecification","valueRequired":true,"valueName":"search_term_string"}}],"inLanguage":"fr-FR"}]}},"_links":{"self":[{"href":"https:\/\/shop.adra.ch\/fr\/wp-json\/wp\/v2\/pages\/4309"}],"collection":[{"href":"https:\/\/shop.adra.ch\/fr\/wp-json\/wp\/v2\/pages"}],"about":[{"href":"https:\/\/shop.adra.ch\/fr\/wp-json\/wp\/v2\/types\/page"}],"author":[{"embeddable":true,"href":"https:\/\/shop.adra.ch\/fr\/wp-json\/wp\/v2\/users\/6"}],"replies":[{"embeddable":true,"href":"https:\/\/shop.adra.ch\/fr\/wp-json\/wp\/v2\/comments?post=4309"}],"version-history":[{"count":5,"href":"https:\/\/shop.adra.ch\/fr\/wp-json\/wp\/v2\/pages\/4309\/revisions"}],"predecessor-version":[{"id":4999,"href":"https:\/\/shop.adra.ch\/fr\/wp-json\/wp\/v2\/pages\/4309\/revisions\/4999"}],"wp:attachment":[{"href":"https:\/\/shop.adra.ch\/fr\/wp-json\/wp\/v2\/media?parent=4309"}],"curies":[{"name":"wp","href":"https:\/\/api.w.org\/{rel}","templated":true}]}}