{"id":4712,"date":"2023-05-11T14:57:51","date_gmt":"2023-05-11T13:57:51","guid":{"rendered":"https:\/\/shop.adra.ch\/wirkung\/"},"modified":"2023-11-22T18:33:40","modified_gmt":"2023-11-22T17:33:40","slug":"wirkung-2","status":"publish","type":"page","link":"https:\/\/shop.adra.ch\/fr\/wirkung-2\/","title":{"rendered":"l&rsquo;impact de votre don"},"content":{"rendered":"<h2><\/h2>\n<h2>L&rsquo;impact de votre don<\/h2>\n<p>Les prix indiqu\u00e9s dans le catalogue sont des estimations des co\u00fbts moyens dans un certain nombre de projets, calcul\u00e9s au moment de la planification. Les co\u00fbts r\u00e9els peuvent donc varier.<\/p>\n<p>Selon le cadeau, votre don sera vers\u00e9 dans l&rsquo;un des cinq fonds qui couvrent tous ces projets : aide en cas de catastrophe, moyens de subsistance, aide \u00e0 l&rsquo;\u00e9ducation, aide en Suisse et don g\u00e9n\u00e9ral.<\/p>\n<p>&nbsp;<\/p>\n<h2>Fonds ADRA<\/h2>\n<p>&nbsp;<\/p>\n<p><strong>Aide en cas de catastrophe :<\/strong><\/p>\n<p>Lors d&rsquo;une catastrophe, les personnes touch\u00e9es ont besoin de soutien dans les plus brefs d\u00e9lais. Vous aidez la population en d\u00e9tresse en lui fournissant des paquets de nourriture et d&rsquo;hygi\u00e8ne.<\/p>\n<p><strong>Assurer les moyens de subsistance :<\/strong><\/p>\n<p>Vous soutenez la culture de jardins et leur irrigation ou des jeunes afin qu&rsquo;ils puissent augmenter leurs revenus.<\/p>\n<p><strong>Aide \u00e0 l&rsquo;\u00e9ducation :<\/strong><\/p>\n<p>L&rsquo;\u00e9ducation est le fondement d&rsquo;une vie meilleure. Vous aidez et offrez de l&rsquo;espoir pour un avenir meilleur.<\/p>\n<p><strong>Aide en Suisse :<\/strong><\/p>\n<p>Les personnes dans le besoin ont besoin d&rsquo;aide. Vous offrez de l&rsquo;espoir et de la joie aux personnes dans le besoin en Suisse.<\/p>\n<p><strong>Un don g\u00e9n\u00e9ral :<\/strong><\/p>\n<p>Vous souhaitez qu&rsquo;ADRA Suisse d\u00e9cide de la mani\u00e8re dont l&rsquo;argent sera utilis\u00e9. L\u00e0 o\u00f9 la d\u00e9tresse est la plus grande.<\/p>\n<p>&nbsp;<\/p>\n<p><a href=\"https:\/\/shop.adra.ch\/fr\/\">Retour \u00e0 la boutique<\/a><\/p>\n<p>&nbsp;<\/p>\n","protected":false},"excerpt":{"rendered":"<p>L&rsquo;impact de votre don Les prix indiqu\u00e9s dans le catalogue sont des estimations des co\u00fbts moyens dans un certain nombre de projets, calcul\u00e9s au moment de la planification. Les co\u00fbts r\u00e9els peuvent donc varier. Selon le cadeau, votre don sera vers\u00e9 dans l&rsquo;un des cinq fonds qui couvrent tous ces projets : aide en cas [&hellip;]<\/p>\n","protected":false},"author":10,"featured_media":0,"parent":0,"menu_order":0,"comment_status":"closed","ping_status":"closed","template":"","meta":{"_acf_changed":false,"_monsterinsights_skip_tracking":false,"_monsterinsights_sitenote_active":false,"_monsterinsights_sitenote_note":"","_monsterinsights_sitenote_category":0,"footnotes":""},"class_list":["post-4712","page","type-page","status-publish","hentry"],"acf":[],"yoast_head":"<!-- This site is optimized with the Yoast SEO plugin v23.9 - https:\/\/yoast.com\/wordpress\/plugins\/seo\/ -->\n<title>l&#039;impact de votre don - ADRA<\/title>\n<meta name=\"robots\" content=\"index, follow, max-snippet:-1, max-image-preview:large, max-video-preview:-1\" \/>\n<link rel=\"canonical\" href=\"https:\/\/shop.adra.ch\/fr\/wirkung-2\/\" \/>\n<meta property=\"og:locale\" content=\"fr_FR\" \/>\n<meta property=\"og:type\" content=\"article\" \/>\n<meta property=\"og:title\" content=\"l&#039;impact de votre don - ADRA\" \/>\n<meta property=\"og:description\" content=\"L&rsquo;impact de votre don Les prix indiqu\u00e9s dans le catalogue sont des estimations des co\u00fbts moyens dans un certain nombre de projets, calcul\u00e9s au moment de la planification. Les co\u00fbts r\u00e9els peuvent donc varier. Selon le cadeau, votre don sera vers\u00e9 dans l&rsquo;un des cinq fonds qui couvrent tous ces projets : aide en cas [&hellip;]\" \/>\n<meta property=\"og:url\" content=\"https:\/\/shop.adra.ch\/fr\/wirkung-2\/\" \/>\n<meta property=\"og:site_name\" content=\"ADRA\" \/>\n<meta property=\"article:modified_time\" content=\"2023-11-22T17:33:40+00:00\" \/>\n<meta name=\"twitter:label1\" content=\"Dur\u00e9e de lecture estim\u00e9e\" \/>\n\t<meta name=\"twitter:data1\" content=\"1 minute\" \/>\n<script type=\"application\/ld+json\" class=\"yoast-schema-graph\">{\"@context\":\"https:\/\/schema.org\",\"@graph\":[{\"@type\":\"WebPage\",\"@id\":\"https:\/\/shop.adra.ch\/fr\/wirkung-2\/\",\"url\":\"https:\/\/shop.adra.ch\/fr\/wirkung-2\/\",\"name\":\"l'impact de votre don - ADRA\",\"isPartOf\":{\"@id\":\"https:\/\/shop.adra.ch\/#website\"},\"datePublished\":\"2023-05-11T13:57:51+00:00\",\"dateModified\":\"2023-11-22T17:33:40+00:00\",\"breadcrumb\":{\"@id\":\"https:\/\/shop.adra.ch\/fr\/wirkung-2\/#breadcrumb\"},\"inLanguage\":\"fr-FR\",\"potentialAction\":[{\"@type\":\"ReadAction\",\"target\":[\"https:\/\/shop.adra.ch\/fr\/wirkung-2\/\"]}]},{\"@type\":\"BreadcrumbList\",\"@id\":\"https:\/\/shop.adra.ch\/fr\/wirkung-2\/#breadcrumb\",\"itemListElement\":[{\"@type\":\"ListItem\",\"position\":1,\"name\":\"Home\",\"item\":\"https:\/\/shop.adra.ch\/fr\/\"},{\"@type\":\"ListItem\",\"position\":2,\"name\":\"l&#8217;impact de votre don\"}]},{\"@type\":\"WebSite\",\"@id\":\"https:\/\/shop.adra.ch\/#website\",\"url\":\"https:\/\/shop.adra.ch\/\",\"name\":\"ADRA\",\"description\":\"Adventistische Entwicklungs- und Katastrophenhilfe in Deutschland\",\"potentialAction\":[{\"@type\":\"SearchAction\",\"target\":{\"@type\":\"EntryPoint\",\"urlTemplate\":\"https:\/\/shop.adra.ch\/?s={search_term_string}\"},\"query-input\":{\"@type\":\"PropertyValueSpecification\",\"valueRequired\":true,\"valueName\":\"search_term_string\"}}],\"inLanguage\":\"fr-FR\"}]}<\/script>\n<!-- \/ Yoast SEO plugin. -->","yoast_head_json":{"title":"l'impact de votre don - ADRA","robots":{"index":"index","follow":"follow","max-snippet":"max-snippet:-1","max-image-preview":"max-image-preview:large","max-video-preview":"max-video-preview:-1"},"canonical":"https:\/\/shop.adra.ch\/fr\/wirkung-2\/","og_locale":"fr_FR","og_type":"article","og_title":"l'impact de votre don - ADRA","og_description":"L&rsquo;impact de votre don Les prix indiqu\u00e9s dans le catalogue sont des estimations des co\u00fbts moyens dans un certain nombre de projets, calcul\u00e9s au moment de la planification. Les co\u00fbts r\u00e9els peuvent donc varier. Selon le cadeau, votre don sera vers\u00e9 dans l&rsquo;un des cinq fonds qui couvrent tous ces projets : aide en cas [&hellip;]","og_url":"https:\/\/shop.adra.ch\/fr\/wirkung-2\/","og_site_name":"ADRA","article_modified_time":"2023-11-22T17:33:40+00:00","twitter_misc":{"Dur\u00e9e de lecture estim\u00e9e":"1 minute"},"schema":{"@context":"https:\/\/schema.org","@graph":[{"@type":"WebPage","@id":"https:\/\/shop.adra.ch\/fr\/wirkung-2\/","url":"https:\/\/shop.adra.ch\/fr\/wirkung-2\/","name":"l'impact de votre don - ADRA","isPartOf":{"@id":"https:\/\/shop.adra.ch\/#website"},"datePublished":"2023-05-11T13:57:51+00:00","dateModified":"2023-11-22T17:33:40+00:00","breadcrumb":{"@id":"https:\/\/shop.adra.ch\/fr\/wirkung-2\/#breadcrumb"},"inLanguage":"fr-FR","potentialAction":[{"@type":"ReadAction","target":["https:\/\/shop.adra.ch\/fr\/wirkung-2\/"]}]},{"@type":"BreadcrumbList","@id":"https:\/\/shop.adra.ch\/fr\/wirkung-2\/#breadcrumb","itemListElement":[{"@type":"ListItem","position":1,"name":"Home","item":"https:\/\/shop.adra.ch\/fr\/"},{"@type":"ListItem","position":2,"name":"l&#8217;impact de votre don"}]},{"@type":"WebSite","@id":"https:\/\/shop.adra.ch\/#website","url":"https:\/\/shop.adra.ch\/","name":"ADRA","description":"Adventistische Entwicklungs- und Katastrophenhilfe in Deutschland","potentialAction":[{"@type":"SearchAction","target":{"@type":"EntryPoint","urlTemplate":"https:\/\/shop.adra.ch\/?s={search_term_string}"},"query-input":{"@type":"PropertyValueSpecification","valueRequired":true,"valueName":"search_term_string"}}],"inLanguage":"fr-FR"}]}},"_links":{"self":[{"href":"https:\/\/shop.adra.ch\/fr\/wp-json\/wp\/v2\/pages\/4712"}],"collection":[{"href":"https:\/\/shop.adra.ch\/fr\/wp-json\/wp\/v2\/pages"}],"about":[{"href":"https:\/\/shop.adra.ch\/fr\/wp-json\/wp\/v2\/types\/page"}],"author":[{"embeddable":true,"href":"https:\/\/shop.adra.ch\/fr\/wp-json\/wp\/v2\/users\/10"}],"replies":[{"embeddable":true,"href":"https:\/\/shop.adra.ch\/fr\/wp-json\/wp\/v2\/comments?post=4712"}],"version-history":[{"count":2,"href":"https:\/\/shop.adra.ch\/fr\/wp-json\/wp\/v2\/pages\/4712\/revisions"}],"predecessor-version":[{"id":4715,"href":"https:\/\/shop.adra.ch\/fr\/wp-json\/wp\/v2\/pages\/4712\/revisions\/4715"}],"wp:attachment":[{"href":"https:\/\/shop.adra.ch\/fr\/wp-json\/wp\/v2\/media?parent=4712"}],"curies":[{"name":"wp","href":"https:\/\/api.w.org\/{rel}","templated":true}]}}